{"id":3,"date":"2025-04-09T03:31:31","date_gmt":"2025-04-09T03:31:31","guid":{"rendered":"https:\/\/aydapart.cl\/?page_id=3"},"modified":"2025-04-11T02:42:32","modified_gmt":"2025-04-11T02:42:32","slug":"informacion_general","status":"publish","type":"page","link":"https:\/\/aydapart.cl\/index.php\/informacion_general\/","title":{"rendered":"Informaci\u00f3n General"},"content":{"rendered":"\n<ul class=\"wp-block-list\">\n<li class=\"has-medium-font-size\">Registro de llegada\/check in: 15:00<\/li>\n<\/ul>\n\n\n\n<ul class=\"wp-block-list\">\n<li class=\"has-medium-font-size\">Registro de salida\/check out: 11:00<\/li>\n<\/ul>\n\n\n\n<ul class=\"wp-block-list\">\n<li class=\"has-medium-font-size\">Edad m\u00ednima para registro: 18 a\u00f1os<\/li>\n<\/ul>\n\n\n\n<ul class=\"wp-block-list\">\n<li class=\"has-medium-font-size\">Permitido fumar solo en terrazas y balcones<\/li>\n<\/ul>\n\n\n\n<ul class=\"wp-block-list\">\n<li class=\"has-medium-font-size\">Prohibici\u00f3n de visitas, fiestas y ruidos molestos.<\/li>\n<\/ul>\n\n\n\n<ul class=\"wp-block-list\">\n<li class=\"has-medium-font-size\">Estacionamiento subterr\u00e1neo $5.000.<\/li>\n<\/ul>\n\n\n\n<ul class=\"wp-block-list\">\n<li class=\"has-medium-font-size\">Se aceptan mascotas. (1 mascota por departamento de hasta 10kg).<\/li>\n<\/ul>\n\n\n\n<ul class=\"wp-block-list\">\n<li class=\"has-medium-font-size\">Medios de pagos aceptados: efectivo (peso chileno o d\u00f3lar), tarjeta de cr\u00e9dito y d\u00e9bito.<br>Recepci\u00f3n 24 hrs.<\/li>\n<\/ul>\n\n\n\n<p><\/p>\n","protected":false},"excerpt":{"rendered":"","protected":false},"author":1,"featured_media":0,"parent":0,"menu_order":0,"comment_status":"closed","ping_status":"closed","template":"","meta":{"_eb_attr":"","footnotes":""},"class_list":["post-3","page","type-page","status-publish","hentry"],"_links":{"self":[{"href":"https:\/\/aydapart.cl\/index.php\/wp-json\/wp\/v2\/pages\/3","targetHints":{"allow":["GET"]}}],"collection":[{"href":"https:\/\/aydapart.cl\/index.php\/wp-json\/wp\/v2\/pages"}],"about":[{"href":"https:\/\/aydapart.cl\/index.php\/wp-json\/wp\/v2\/types\/page"}],"author":[{"embeddable":true,"href":"https:\/\/aydapart.cl\/index.php\/wp-json\/wp\/v2\/users\/1"}],"replies":[{"embeddable":true,"href":"https:\/\/aydapart.cl\/index.php\/wp-json\/wp\/v2\/comments?post=3"}],"version-history":[{"count":5,"href":"https:\/\/aydapart.cl\/index.php\/wp-json\/wp\/v2\/pages\/3\/revisions"}],"predecessor-version":[{"id":183,"href":"https:\/\/aydapart.cl\/index.php\/wp-json\/wp\/v2\/pages\/3\/revisions\/183"}],"wp:attachment":[{"href":"https:\/\/aydapart.cl\/index.php\/wp-json\/wp\/v2\/media?parent=3"}],"curies":[{"name":"wp","href":"https:\/\/api.w.org\/{rel}","templated":true}]}}